{"id":5,"date":"2021-10-14T11:44:53","date_gmt":"2021-10-14T11:44:53","guid":{"rendered":"http:\/\/carolinadesign.d3.dv\/blog\/?page_id=5"},"modified":"2021-10-15T07:15:45","modified_gmt":"2021-10-15T07:15:45","slug":"creeaza-ti-site-ul-web-cu-blocuri","status":"publish","type":"page","link":"https:\/\/www.carolinadesign.ro\/blog\/","title":{"rendered":""},"content":{"rendered":"<ul class=\"wp-block-latest-posts__list has-dates has-author wp-block-latest-posts\"><li><div class=\"wp-block-latest-posts__featured-image aligncenter\"><a href=\"https:\/\/www.carolinadesign.ro\/blog\/poti-purta-haina-de-blana-naturala-cand-poua\" aria-label=\"Po\u021bi purta haina de blan\u0103 natural\u0103 c\u00e2nd pou\u0103?\"><img loading=\"lazy\" decoding=\"async\" width=\"848\" height=\"477\" src=\"https:\/\/www.carolinadesign.ro\/blog\/wp-content\/uploads\/2024\/11\/blana-naturala-impermeabila-1024x576.png\" class=\"attachment-large size-large wp-post-image\" alt=\"\" style=\"\" srcset=\"https:\/\/www.carolinadesign.ro\/blog\/wp-content\/uploads\/2024\/11\/blana-naturala-impermeabila-1024x576.png 1024w, https:\/\/www.carolinadesign.ro\/blog\/wp-content\/uploads\/2024\/11\/blana-naturala-impermeabila-300x169.png 300w, https:\/\/www.carolinadesign.ro\/blog\/wp-content\/uploads\/2024\/11\/blana-naturala-impermeabila-768x432.png 768w, https:\/\/www.carolinadesign.ro\/blog\/wp-content\/uploads\/2024\/11\/blana-naturala-impermeabila-1536x864.png 1536w, https:\/\/www.carolinadesign.ro\/blog\/wp-content\/uploads\/2024\/11\/blana-naturala-impermeabila-2048x1152.png 2048w\" sizes=\"auto, (max-width: 848px) 100vw, 848px\" \/><\/a><\/div><a class=\"wp-block-latest-posts__post-title\" href=\"https:\/\/www.carolinadesign.ro\/blog\/poti-purta-haina-de-blana-naturala-cand-poua\">Po\u021bi purta haina de blan\u0103 natural\u0103 c\u00e2nd pou\u0103?<\/a><div class=\"wp-block-latest-posts__post-author\">de admin<\/div><time datetime=\"2024-11-26T17:20:12+00:00\" class=\"wp-block-latest-posts__post-date\">26 noiembrie 2024<\/time><div class=\"wp-block-latest-posts__post-excerpt\">R\u0103spunsul scurt este DA, po\u021bi purta orice hain\u0103 de blan\u0103 at\u00e2t pe ploaie, c\u00e2t \u0219i pe z\u0103pad\u0103, dar totu\u0219i, trebuie s\u0103 evi\u021bi udarea acesteia \u00een \u00eentregime. Blana este creat\u0103 de natur\u0103 s\u0103 resping\u0103 apa Blana natural\u0103 are dou\u0103 componente principale: firele de protec\u021bie (p\u0103rul lung \u0219i aspru) \u0219i subp\u0103rul (puful scurt, des \u0219i fin). Firele de protec\u021bie sunt cele mai &hellip; <\/div><\/li>\n<li><div class=\"wp-block-latest-posts__featured-image aligncenter\"><a href=\"https:\/\/www.carolinadesign.ro\/blog\/haina-de-blana-colorata-piesa-esentiala-a-acestei-ierni\" aria-label=\"Haina de blan\u0103 colorat\u0103: piesa esen\u021bial\u0103 a acestei ierni\"><img loading=\"lazy\" decoding=\"async\" width=\"848\" height=\"477\" src=\"https:\/\/www.carolinadesign.ro\/blog\/wp-content\/uploads\/2024\/11\/haina-de-blana-colorata-1024x576.png\" class=\"attachment-large size-large wp-post-image\" alt=\"\" style=\"\" srcset=\"https:\/\/www.carolinadesign.ro\/blog\/wp-content\/uploads\/2024\/11\/haina-de-blana-colorata-1024x576.png 1024w, https:\/\/www.carolinadesign.ro\/blog\/wp-content\/uploads\/2024\/11\/haina-de-blana-colorata-300x169.png 300w, https:\/\/www.carolinadesign.ro\/blog\/wp-content\/uploads\/2024\/11\/haina-de-blana-colorata-768x432.png 768w, https:\/\/www.carolinadesign.ro\/blog\/wp-content\/uploads\/2024\/11\/haina-de-blana-colorata-1536x864.png 1536w, https:\/\/www.carolinadesign.ro\/blog\/wp-content\/uploads\/2024\/11\/haina-de-blana-colorata-2048x1152.png 2048w\" sizes=\"auto, (max-width: 848px) 100vw, 848px\" \/><\/a><\/div><a class=\"wp-block-latest-posts__post-title\" href=\"https:\/\/www.carolinadesign.ro\/blog\/haina-de-blana-colorata-piesa-esentiala-a-acestei-ierni\">Haina de blan\u0103 colorat\u0103: piesa esen\u021bial\u0103 a acestei ierni<\/a><div class=\"wp-block-latest-posts__post-author\">de admin<\/div><time datetime=\"2024-11-21T17:06:49+00:00\" class=\"wp-block-latest-posts__post-date\">21 noiembrie 2024<\/time><div class=\"wp-block-latest-posts__post-excerpt\">Pe m\u0103sur\u0103 ce vremea devine mai rece, starea noastr\u0103 de spirit poate sc\u0103dea. Tot ce ne dorim este s\u0103 purt\u0103m haine c\u0103lduroase, cardigane lungi \u0219i \u021binute confortabile care s\u0103 ne fac\u0103 zilele mai pl\u0103cute. O mic\u0103 pat\u0103 de culoare \u00een \u021binuta zilnic\u0103 poate face minuni pentru moralul t\u0103u, ad\u0103ug\u00e2nd energie \u0219i veselie.&nbsp; Una dintre cele mai simple modalit\u0103\u021bi de a &hellip; <\/div><\/li>\n<li><div class=\"wp-block-latest-posts__featured-image aligncenter\"><a href=\"https:\/\/www.carolinadesign.ro\/blog\/cum-transporti-o-haina-de-blana-in-timpul-unei-calatorii\" aria-label=\"Cum transpor\u021bi o hain\u0103 de blan\u0103 \u00een timpul unei c\u0103l\u0103torii\"><img loading=\"lazy\" decoding=\"async\" width=\"848\" height=\"477\" src=\"https:\/\/www.carolinadesign.ro\/blog\/wp-content\/uploads\/2024\/11\/cum-transporti-o-haina-de-blana-1024x576.png\" class=\"attachment-large size-large wp-post-image\" alt=\"\" style=\"\" srcset=\"https:\/\/www.carolinadesign.ro\/blog\/wp-content\/uploads\/2024\/11\/cum-transporti-o-haina-de-blana-1024x576.png 1024w, https:\/\/www.carolinadesign.ro\/blog\/wp-content\/uploads\/2024\/11\/cum-transporti-o-haina-de-blana-300x169.png 300w, https:\/\/www.carolinadesign.ro\/blog\/wp-content\/uploads\/2024\/11\/cum-transporti-o-haina-de-blana-768x432.png 768w, https:\/\/www.carolinadesign.ro\/blog\/wp-content\/uploads\/2024\/11\/cum-transporti-o-haina-de-blana-1536x864.png 1536w, https:\/\/www.carolinadesign.ro\/blog\/wp-content\/uploads\/2024\/11\/cum-transporti-o-haina-de-blana-2048x1152.png 2048w\" sizes=\"auto, (max-width: 848px) 100vw, 848px\" \/><\/a><\/div><a class=\"wp-block-latest-posts__post-title\" href=\"https:\/\/www.carolinadesign.ro\/blog\/cum-transporti-o-haina-de-blana-in-timpul-unei-calatorii\">Cum transpor\u021bi o hain\u0103 de blan\u0103 \u00een timpul unei c\u0103l\u0103torii<\/a><div class=\"wp-block-latest-posts__post-author\">de admin<\/div><time datetime=\"2024-11-18T16:45:07+00:00\" class=\"wp-block-latest-posts__post-date\">18 noiembrie 2024<\/time><div class=\"wp-block-latest-posts__post-excerpt\">C\u0103l\u0103toria cu o hain\u0103 de blan\u0103 poate p\u0103rea o provocare, dar cu preg\u0103tirea \u0219i grija potrivit\u0103, \u00ee\u021bi po\u021bi proteja acest articol valoros pe durata drumului. Indiferent dac\u0103 pleci \u00eentr-o c\u0103l\u0103torie de afaceri sau \u00eentr-o escapad\u0103 relaxant\u0103, protejarea hainei tale de blan\u0103 este esen\u021bial\u0103.&nbsp; Transportarea corect\u0103 \u0219i depozitarea \u00een siguran\u021b\u0103 sunt primii pa\u0219i pentru a te asigura c\u0103 haina de blan\u0103 &hellip; <\/div><\/li>\n<li><div class=\"wp-block-latest-posts__featured-image aligncenter\"><a href=\"https:\/\/www.carolinadesign.ro\/blog\/cum-sa-porti-blana-de-chinchilla-tinute-elegante-pentru-orice-ocazie\" aria-label=\"Cum s\u0103 por\u021bi blana de chinchilla: \u021binute elegante pentru orice ocazie\"><img loading=\"lazy\" decoding=\"async\" width=\"848\" height=\"477\" src=\"https:\/\/www.carolinadesign.ro\/blog\/wp-content\/uploads\/2024\/11\/Grey-and-Tan-Luxury-Minimalist-Fashion-Blog-Banner-9-1024x576.png\" class=\"attachment-large size-large wp-post-image\" alt=\"\" style=\"\" srcset=\"https:\/\/www.carolinadesign.ro\/blog\/wp-content\/uploads\/2024\/11\/Grey-and-Tan-Luxury-Minimalist-Fashion-Blog-Banner-9-1024x576.png 1024w, https:\/\/www.carolinadesign.ro\/blog\/wp-content\/uploads\/2024\/11\/Grey-and-Tan-Luxury-Minimalist-Fashion-Blog-Banner-9-300x169.png 300w, https:\/\/www.carolinadesign.ro\/blog\/wp-content\/uploads\/2024\/11\/Grey-and-Tan-Luxury-Minimalist-Fashion-Blog-Banner-9-768x432.png 768w, https:\/\/www.carolinadesign.ro\/blog\/wp-content\/uploads\/2024\/11\/Grey-and-Tan-Luxury-Minimalist-Fashion-Blog-Banner-9-1536x864.png 1536w, https:\/\/www.carolinadesign.ro\/blog\/wp-content\/uploads\/2024\/11\/Grey-and-Tan-Luxury-Minimalist-Fashion-Blog-Banner-9-2048x1152.png 2048w\" sizes=\"auto, (max-width: 848px) 100vw, 848px\" \/><\/a><\/div><a class=\"wp-block-latest-posts__post-title\" href=\"https:\/\/www.carolinadesign.ro\/blog\/cum-sa-porti-blana-de-chinchilla-tinute-elegante-pentru-orice-ocazie\">Cum s\u0103 por\u021bi blana de chinchilla: \u021binute elegante pentru orice ocazie<\/a><div class=\"wp-block-latest-posts__post-author\">de admin<\/div><time datetime=\"2024-11-14T16:39:12+00:00\" class=\"wp-block-latest-posts__post-date\">14 noiembrie 2024<\/time><div class=\"wp-block-latest-posts__post-excerpt\">Blana de chinchilla, renumit\u0103 pentru fine\u021bea \u0219i aspectul s\u0103u luxuriant, este un simbol al elegan\u021bei \u0219i rafinamentului \u00een lumea modei. Adesea asociat\u0103 cu opulen\u021ba, aceast\u0103 blan\u0103 atemporal\u0103 r\u0103m\u00e2ne o alegere preferat\u0103 pentru cele care doresc s\u0103 fac\u0103 o declara\u021bie de stil \u00eendr\u0103znea\u021b\u0103.&nbsp; Indiferent dac\u0103 participi la un eveniment prestigios sau vrei s\u0103 adaugi o not\u0103 sofisticat\u0103 unei \u021binute casual, textura &hellip; <\/div><\/li>\n<li><div class=\"wp-block-latest-posts__featured-image aligncenter\"><a href=\"https:\/\/www.carolinadesign.ro\/blog\/cum-sa-porti-o-haina-din-blana-de-vulpe-sfaturi-pentru-un-look-elegant\" aria-label=\"Cum s\u0103 por\u021bi o hain\u0103 din blan\u0103 de vulpe: sfaturi pentru un look elegant\"><img loading=\"lazy\" decoding=\"async\" width=\"848\" height=\"477\" src=\"https:\/\/www.carolinadesign.ro\/blog\/wp-content\/uploads\/2024\/11\/blana-de-vulpe-bld-1024x576.png\" class=\"attachment-large size-large wp-post-image\" alt=\"\" style=\"\" srcset=\"https:\/\/www.carolinadesign.ro\/blog\/wp-content\/uploads\/2024\/11\/blana-de-vulpe-bld-1024x576.png 1024w, https:\/\/www.carolinadesign.ro\/blog\/wp-content\/uploads\/2024\/11\/blana-de-vulpe-bld-300x169.png 300w, https:\/\/www.carolinadesign.ro\/blog\/wp-content\/uploads\/2024\/11\/blana-de-vulpe-bld-768x432.png 768w, https:\/\/www.carolinadesign.ro\/blog\/wp-content\/uploads\/2024\/11\/blana-de-vulpe-bld-1536x864.png 1536w, https:\/\/www.carolinadesign.ro\/blog\/wp-content\/uploads\/2024\/11\/blana-de-vulpe-bld-2048x1152.png 2048w\" sizes=\"auto, (max-width: 848px) 100vw, 848px\" \/><\/a><\/div><a class=\"wp-block-latest-posts__post-title\" href=\"https:\/\/www.carolinadesign.ro\/blog\/cum-sa-porti-o-haina-din-blana-de-vulpe-sfaturi-pentru-un-look-elegant\">Cum s\u0103 por\u021bi o hain\u0103 din blan\u0103 de vulpe: sfaturi pentru un look elegant<\/a><div class=\"wp-block-latest-posts__post-author\">de admin<\/div><time datetime=\"2024-11-12T16:27:01+00:00\" class=\"wp-block-latest-posts__post-date\">12 noiembrie 2024<\/time><div class=\"wp-block-latest-posts__post-excerpt\">Hainele din blan\u0103 de vulpe sunt un simbol al luxului \u0219i al rafinamentului. Cu textura lor pufoas\u0103 \u0219i aspectul captivant, pot transforma instantaneu orice \u021binut\u0103. Dac\u0103 dore\u0219ti s\u0103 integrezi o hain\u0103 din blan\u0103 de vulpe \u00een garderoba ta, secretul const\u0103 \u00een a o stiliza corect, men\u021bin\u00e2ndu-i elegan\u021ba \u0219i exprim\u00e2ndu-\u021bi stilul personal. C\u00e2nd \u00eencepi s\u0103 stilizezi o hain\u0103 din blan\u0103, g\u00e2nde\u0219te-te &hellip; <\/div><\/li>\n<li><div class=\"wp-block-latest-posts__featured-image aligncenter\"><a href=\"https:\/\/www.carolinadesign.ro\/blog\/care-sunt-calitatile-blanii-de-zibelina-si-de-ce-este-atat-de-scumpa\" aria-label=\"Care sunt calit\u0103\u021bile bl\u0103nii de zibelin\u0103 \u0219i de ce este at\u00e2t de scump\u0103\"><img loading=\"lazy\" decoding=\"async\" width=\"848\" height=\"477\" src=\"https:\/\/www.carolinadesign.ro\/blog\/wp-content\/uploads\/2024\/11\/de-ce-blana-de-zibelina-este-scumpa-1024x576.png\" class=\"attachment-large size-large wp-post-image\" alt=\"\" style=\"\" srcset=\"https:\/\/www.carolinadesign.ro\/blog\/wp-content\/uploads\/2024\/11\/de-ce-blana-de-zibelina-este-scumpa-1024x576.png 1024w, https:\/\/www.carolinadesign.ro\/blog\/wp-content\/uploads\/2024\/11\/de-ce-blana-de-zibelina-este-scumpa-300x169.png 300w, https:\/\/www.carolinadesign.ro\/blog\/wp-content\/uploads\/2024\/11\/de-ce-blana-de-zibelina-este-scumpa-768x432.png 768w, https:\/\/www.carolinadesign.ro\/blog\/wp-content\/uploads\/2024\/11\/de-ce-blana-de-zibelina-este-scumpa-1536x864.png 1536w, https:\/\/www.carolinadesign.ro\/blog\/wp-content\/uploads\/2024\/11\/de-ce-blana-de-zibelina-este-scumpa-2048x1152.png 2048w\" sizes=\"auto, (max-width: 848px) 100vw, 848px\" \/><\/a><\/div><a class=\"wp-block-latest-posts__post-title\" href=\"https:\/\/www.carolinadesign.ro\/blog\/care-sunt-calitatile-blanii-de-zibelina-si-de-ce-este-atat-de-scumpa\">Care sunt calit\u0103\u021bile bl\u0103nii de zibelin\u0103 \u0219i de ce este at\u00e2t de scump\u0103<\/a><div class=\"wp-block-latest-posts__post-author\">de admin<\/div><time datetime=\"2024-11-08T16:04:17+00:00\" class=\"wp-block-latest-posts__post-date\">8 noiembrie 2024<\/time><div class=\"wp-block-latest-posts__post-excerpt\">Blana de zibelin\u0103 reprezint\u0103 defini\u021bia luxului. Textura sa moale \u0219i catifelat\u0103 \u00ee\u021bi ofer\u0103 o experien\u021b\u0103 unic\u0103, \u00een timp ce fiecare fir de blan\u0103 spune o poveste despre elegan\u021b\u0103, m\u0103iestrie \u0219i rafinament. Este un material \u00eenc\u0103rcat de istorie, care \u00eentruchipeaz\u0103 un standard de neegalat \u00een lumea modei. Aceast\u0103 c\u0103l\u0103torie \u00eencepe \u00een p\u0103durile \u00eendep\u0103rtate, habitatul natural al zibelinei. Aici, \u00een s\u0103lb\u0103ticia lini\u0219tit\u0103, &hellip; <\/div><\/li>\n<li><div class=\"wp-block-latest-posts__featured-image aligncenter\"><a href=\"https:\/\/www.carolinadesign.ro\/blog\/cum-sa-integrezi-o-haina-de-nurca-in-tinutele-tale-de-zi-cu-zi\" aria-label=\"Cum s\u0103 integrezi o hain\u0103 de nurc\u0103 \u00een \u021binutele tale de zi cu zi\"><img loading=\"lazy\" decoding=\"async\" width=\"848\" height=\"477\" src=\"https:\/\/www.carolinadesign.ro\/blog\/wp-content\/uploads\/2024\/11\/tinute-cu-blana-de-nurca-1024x576.png\" class=\"attachment-large size-large wp-post-image\" alt=\"\" style=\"\" srcset=\"https:\/\/www.carolinadesign.ro\/blog\/wp-content\/uploads\/2024\/11\/tinute-cu-blana-de-nurca-1024x576.png 1024w, https:\/\/www.carolinadesign.ro\/blog\/wp-content\/uploads\/2024\/11\/tinute-cu-blana-de-nurca-300x169.png 300w, https:\/\/www.carolinadesign.ro\/blog\/wp-content\/uploads\/2024\/11\/tinute-cu-blana-de-nurca-768x432.png 768w, https:\/\/www.carolinadesign.ro\/blog\/wp-content\/uploads\/2024\/11\/tinute-cu-blana-de-nurca-1536x864.png 1536w, https:\/\/www.carolinadesign.ro\/blog\/wp-content\/uploads\/2024\/11\/tinute-cu-blana-de-nurca-2048x1152.png 2048w\" sizes=\"auto, (max-width: 848px) 100vw, 848px\" \/><\/a><\/div><a class=\"wp-block-latest-posts__post-title\" href=\"https:\/\/www.carolinadesign.ro\/blog\/cum-sa-integrezi-o-haina-de-nurca-in-tinutele-tale-de-zi-cu-zi\">Cum s\u0103 integrezi o hain\u0103 de nurc\u0103 \u00een \u021binutele tale de zi cu zi<\/a><div class=\"wp-block-latest-posts__post-author\">de admin<\/div><time datetime=\"2024-11-04T14:15:54+00:00\" class=\"wp-block-latest-posts__post-date\">4 noiembrie 2024<\/time><div class=\"wp-block-latest-posts__post-excerpt\">Hainele de nurc\u0103 au devenit piese vestimentare versatile \u0219i elegante, potrivite at\u00e2t pentru prezent\u0103rile de mod\u0103 de pe podiumuri, c\u00e2t \u0219i pentru stilurile casual de zi cu zi. Elegan\u021ba lor atemporal\u0103 \u0219i textura luxoas\u0103 le transform\u0103 \u00een alegerea ideal\u0103 pentru cele care vor s\u0103 ias\u0103 \u00een eviden\u021b\u0103. Fie c\u0103 te preg\u0103te\u0219ti pentru un eveniment special sau vrei s\u0103 \u00ee\u021bi \u00eembun\u0103t\u0103\u021be\u0219ti &hellip; <\/div><\/li>\n<li><div class=\"wp-block-latest-posts__featured-image aligncenter\"><a href=\"https:\/\/www.carolinadesign.ro\/blog\/diferite-moduri-de-a-purta-o-haina-de-blana\" aria-label=\"Diferite moduri de a purta o hain\u0103 de blan\u0103\"><img loading=\"lazy\" decoding=\"async\" width=\"848\" height=\"477\" src=\"https:\/\/www.carolinadesign.ro\/blog\/wp-content\/uploads\/2024\/11\/idei-de-tinute-cu-haine-de-blana-1024x576.png\" class=\"attachment-large size-large wp-post-image\" alt=\"\" style=\"\" srcset=\"https:\/\/www.carolinadesign.ro\/blog\/wp-content\/uploads\/2024\/11\/idei-de-tinute-cu-haine-de-blana-1024x576.png 1024w, https:\/\/www.carolinadesign.ro\/blog\/wp-content\/uploads\/2024\/11\/idei-de-tinute-cu-haine-de-blana-300x169.png 300w, https:\/\/www.carolinadesign.ro\/blog\/wp-content\/uploads\/2024\/11\/idei-de-tinute-cu-haine-de-blana-768x432.png 768w, https:\/\/www.carolinadesign.ro\/blog\/wp-content\/uploads\/2024\/11\/idei-de-tinute-cu-haine-de-blana-1536x864.png 1536w, https:\/\/www.carolinadesign.ro\/blog\/wp-content\/uploads\/2024\/11\/idei-de-tinute-cu-haine-de-blana-2048x1152.png 2048w\" sizes=\"auto, (max-width: 848px) 100vw, 848px\" \/><\/a><\/div><a class=\"wp-block-latest-posts__post-title\" href=\"https:\/\/www.carolinadesign.ro\/blog\/diferite-moduri-de-a-purta-o-haina-de-blana\">Diferite moduri de a purta o hain\u0103 de blan\u0103<\/a><div class=\"wp-block-latest-posts__post-author\">de admin<\/div><time datetime=\"2024-10-31T14:12:00+00:00\" class=\"wp-block-latest-posts__post-date\">31 octombrie 2024<\/time><div class=\"wp-block-latest-posts__post-excerpt\">Subtil\u0103, clasic\u0103, feminin\u0103 \u2013 acestea sunt primele lucruri care ne vin \u00een minte c\u00e2nd vedem o femeie purt\u00e2nd o hain\u0103 de blan\u0103. Acest accesoriu adaug\u0103 instantaneu o not\u0103 de sofisticare oric\u0103rei \u021binute. O hain\u0103 de blan\u0103, mai ales una din blan\u0103 natural\u0103, este o alegere sigur\u0103 pentru a face o declara\u021bie de mod\u0103 dramatic\u0103 \u00een timpul iernii. Oricine poate ar\u0103ta &hellip; <\/div><\/li>\n<li><div class=\"wp-block-latest-posts__featured-image aligncenter\"><a href=\"https:\/\/www.carolinadesign.ro\/blog\/de-ce-sunt-hainele-de-blana-un-must-have-in-sezonul-rece\" aria-label=\"De ce sunt hainele de blan\u0103 un must-have \u00een sezonul rece?\"><img loading=\"lazy\" decoding=\"async\" width=\"848\" height=\"477\" src=\"https:\/\/www.carolinadesign.ro\/blog\/wp-content\/uploads\/2024\/10\/Grey-and-Tan-Luxury-Minimalist-Fashion-Blog-Banner-8-1024x576.png\" class=\"attachment-large size-large wp-post-image\" alt=\"\" style=\"\" srcset=\"https:\/\/www.carolinadesign.ro\/blog\/wp-content\/uploads\/2024\/10\/Grey-and-Tan-Luxury-Minimalist-Fashion-Blog-Banner-8-1024x576.png 1024w, https:\/\/www.carolinadesign.ro\/blog\/wp-content\/uploads\/2024\/10\/Grey-and-Tan-Luxury-Minimalist-Fashion-Blog-Banner-8-300x169.png 300w, https:\/\/www.carolinadesign.ro\/blog\/wp-content\/uploads\/2024\/10\/Grey-and-Tan-Luxury-Minimalist-Fashion-Blog-Banner-8-768x432.png 768w, https:\/\/www.carolinadesign.ro\/blog\/wp-content\/uploads\/2024\/10\/Grey-and-Tan-Luxury-Minimalist-Fashion-Blog-Banner-8-1536x864.png 1536w, https:\/\/www.carolinadesign.ro\/blog\/wp-content\/uploads\/2024\/10\/Grey-and-Tan-Luxury-Minimalist-Fashion-Blog-Banner-8-2048x1152.png 2048w\" sizes=\"auto, (max-width: 848px) 100vw, 848px\" \/><\/a><\/div><a class=\"wp-block-latest-posts__post-title\" href=\"https:\/\/www.carolinadesign.ro\/blog\/de-ce-sunt-hainele-de-blana-un-must-have-in-sezonul-rece\">De ce sunt hainele de blan\u0103 un must-have \u00een sezonul rece?<\/a><div class=\"wp-block-latest-posts__post-author\">de admin<\/div><time datetime=\"2024-10-28T15:18:02+00:00\" class=\"wp-block-latest-posts__post-date\">28 octombrie 2024<\/time><div class=\"wp-block-latest-posts__post-excerpt\">Hainele de blan\u0103 au o istorie ce dateaz\u0103 de mii de ani. De la epoca de piatr\u0103 \u0219i p\u00e2n\u0103 \u00een vremurile moderne, hainele de blan\u0103 au fost folosite pentru a oferi c\u0103ldur\u0103 \u0219i confort \u00een sezonul rece. \u00cen unele culturi, acestea reprezentau chiar un simbol de statut social, o tr\u0103s\u0103tur\u0103 pe care o putem \u00een\u021belege \u0219i ast\u0103zi. O hain\u0103 cu &hellip; <\/div><\/li>\n<li><div class=\"wp-block-latest-posts__featured-image aligncenter\"><a href=\"https:\/\/www.carolinadesign.ro\/blog\/beneficiile-incomparabile-pe-care-doar-o-haina-de-blana-naturala-ti-le-poate-oferi\" aria-label=\"Beneficiile incomparabile pe care doar o hain\u0103 de blan\u0103 natural\u0103 \u021bi le poate oferi\"><img loading=\"lazy\" decoding=\"async\" width=\"848\" height=\"477\" src=\"https:\/\/www.carolinadesign.ro\/blog\/wp-content\/uploads\/2024\/10\/Grey-and-Tan-Luxury-Minimalist-Fashion-Blog-Banner-7-1024x576.png\" class=\"attachment-large size-large wp-post-image\" alt=\"\" style=\"\" srcset=\"https:\/\/www.carolinadesign.ro\/blog\/wp-content\/uploads\/2024\/10\/Grey-and-Tan-Luxury-Minimalist-Fashion-Blog-Banner-7-1024x576.png 1024w, https:\/\/www.carolinadesign.ro\/blog\/wp-content\/uploads\/2024\/10\/Grey-and-Tan-Luxury-Minimalist-Fashion-Blog-Banner-7-300x169.png 300w, https:\/\/www.carolinadesign.ro\/blog\/wp-content\/uploads\/2024\/10\/Grey-and-Tan-Luxury-Minimalist-Fashion-Blog-Banner-7-768x432.png 768w, https:\/\/www.carolinadesign.ro\/blog\/wp-content\/uploads\/2024\/10\/Grey-and-Tan-Luxury-Minimalist-Fashion-Blog-Banner-7-1536x864.png 1536w, https:\/\/www.carolinadesign.ro\/blog\/wp-content\/uploads\/2024\/10\/Grey-and-Tan-Luxury-Minimalist-Fashion-Blog-Banner-7-2048x1152.png 2048w\" sizes=\"auto, (max-width: 848px) 100vw, 848px\" \/><\/a><\/div><a class=\"wp-block-latest-posts__post-title\" href=\"https:\/\/www.carolinadesign.ro\/blog\/beneficiile-incomparabile-pe-care-doar-o-haina-de-blana-naturala-ti-le-poate-oferi\">Beneficiile incomparabile pe care doar o hain\u0103 de blan\u0103 natural\u0103 \u021bi le poate oferi<\/a><div class=\"wp-block-latest-posts__post-author\">de admin<\/div><time datetime=\"2024-10-25T15:03:38+00:00\" class=\"wp-block-latest-posts__post-date\">25 octombrie 2024<\/time><div class=\"wp-block-latest-posts__post-excerpt\">E\u0219ti \u00een c\u0103utarea hainei perfecte de iarn\u0103 care s\u0103 \u00eembine confortul, elegan\u021ba \u0219i c\u0103ldura optim\u0103? O hain\u0103 de blan\u0103 natural\u0103 reu\u0219e\u0219te s\u0103 \u00eembine toate aceste aspecte \u0219i chiar s\u0103 aduc\u0103 un plus, prin caracteristici pe care materialele sintetice nu le pot replica.&nbsp; Dac\u0103 \u00ee\u021bi dore\u0219ti o pies\u0103 de iarn\u0103 care s\u0103 fie at\u00e2t func\u021bional\u0103, c\u00e2t \u0219i de impact, iat\u0103 de &hellip; <\/div><\/li>\n<\/ul>\n\n\n<p><\/p>\n","protected":false},"excerpt":{"rendered":"","protected":false},"author":1,"featured_media":0,"parent":0,"menu_order":0,"comment_status":"closed","ping_status":"closed","template":"","meta":{"footnotes":""},"class_list":["post-5","page","type-page","status-publish","hentry"],"yoast_head":"<!-- This site is optimized with the Yoast SEO plugin v24.9 - https:\/\/yoast.com\/wordpress\/plugins\/seo\/ -->\n<title>- Carolina Design - blog<\/title>\n<meta name=\"robots\" content=\"index, follow, max-snippet:-1, max-image-preview:large, max-video-preview:-1\" \/>\n<link rel=\"canonical\" href=\"https:\/\/carolinadesign.ro\/blog\/\" \/>\n<meta property=\"og:locale\" content=\"ro_RO\" \/>\n<meta property=\"og:type\" content=\"article\" \/>\n<meta property=\"og:title\" content=\"- Carolina Design - blog\" \/>\n<meta property=\"og:url\" content=\"https:\/\/carolinadesign.ro\/blog\/\" \/>\n<meta property=\"og:site_name\" content=\"Carolina Design - blog\" \/>\n<meta property=\"article:modified_time\" content=\"2021-10-15T07:15:45+00:00\" \/>\n<meta name=\"twitter:card\" content=\"summary_large_image\" \/>\n<script type=\"application\/ld+json\" class=\"yoast-schema-graph\">{\"@context\":\"https:\/\/schema.org\",\"@graph\":[{\"@type\":\"WebPage\",\"@id\":\"https:\/\/carolinadesign.ro\/blog\/\",\"url\":\"https:\/\/carolinadesign.ro\/blog\/\",\"name\":\"- Carolina Design - blog\",\"isPartOf\":{\"@id\":\"https:\/\/carolinadesign.ro\/blog\/#website\"},\"datePublished\":\"2021-10-14T11:44:53+00:00\",\"dateModified\":\"2021-10-15T07:15:45+00:00\",\"inLanguage\":\"ro-RO\",\"potentialAction\":[{\"@type\":\"ReadAction\",\"target\":[\"https:\/\/carolinadesign.ro\/blog\/\"]}]},{\"@type\":\"WebSite\",\"@id\":\"https:\/\/carolinadesign.ro\/blog\/#website\",\"url\":\"https:\/\/carolinadesign.ro\/blog\/\",\"name\":\"Carolina Design - blog\",\"description\":\"Blog despre haine de blana si piele naturala\",\"potentialAction\":[{\"@type\":\"SearchAction\",\"target\":{\"@type\":\"EntryPoint\",\"urlTemplate\":\"https:\/\/carolinadesign.ro\/blog\/?s={search_term_string}\"},\"query-input\":{\"@type\":\"PropertyValueSpecification\",\"valueRequired\":true,\"valueName\":\"search_term_string\"}}],\"inLanguage\":\"ro-RO\"}]}<\/script>\n<!-- \/ Yoast SEO plugin. -->","yoast_head_json":{"title":"- Carolina Design - blog","robots":{"index":"index","follow":"follow","max-snippet":"max-snippet:-1","max-image-preview":"max-image-preview:large","max-video-preview":"max-video-preview:-1"},"canonical":"https:\/\/carolinadesign.ro\/blog\/","og_locale":"ro_RO","og_type":"article","og_title":"- Carolina Design - blog","og_url":"https:\/\/carolinadesign.ro\/blog\/","og_site_name":"Carolina Design - blog","article_modified_time":"2021-10-15T07:15:45+00:00","twitter_card":"summary_large_image","schema":{"@context":"https:\/\/schema.org","@graph":[{"@type":"WebPage","@id":"https:\/\/carolinadesign.ro\/blog\/","url":"https:\/\/carolinadesign.ro\/blog\/","name":"- Carolina Design - blog","isPartOf":{"@id":"https:\/\/carolinadesign.ro\/blog\/#website"},"datePublished":"2021-10-14T11:44:53+00:00","dateModified":"2021-10-15T07:15:45+00:00","inLanguage":"ro-RO","potentialAction":[{"@type":"ReadAction","target":["https:\/\/carolinadesign.ro\/blog\/"]}]},{"@type":"WebSite","@id":"https:\/\/carolinadesign.ro\/blog\/#website","url":"https:\/\/carolinadesign.ro\/blog\/","name":"Carolina Design - blog","description":"Blog despre haine de blana si piele naturala","potentialAction":[{"@type":"SearchAction","target":{"@type":"EntryPoint","urlTemplate":"https:\/\/carolinadesign.ro\/blog\/?s={search_term_string}"},"query-input":{"@type":"PropertyValueSpecification","valueRequired":true,"valueName":"search_term_string"}}],"inLanguage":"ro-RO"}]}},"_links":{"self":[{"href":"https:\/\/www.carolinadesign.ro\/blog\/wp-json\/wp\/v2\/pages\/5","targetHints":{"allow":["GET"]}}],"collection":[{"href":"https:\/\/www.carolinadesign.ro\/blog\/wp-json\/wp\/v2\/pages"}],"about":[{"href":"https:\/\/www.carolinadesign.ro\/blog\/wp-json\/wp\/v2\/types\/page"}],"author":[{"embeddable":true,"href":"https:\/\/www.carolinadesign.ro\/blog\/wp-json\/wp\/v2\/users\/1"}],"replies":[{"embeddable":true,"href":"https:\/\/www.carolinadesign.ro\/blog\/wp-json\/wp\/v2\/comments?post=5"}],"version-history":[{"count":3,"href":"https:\/\/www.carolinadesign.ro\/blog\/wp-json\/wp\/v2\/pages\/5\/revisions"}],"predecessor-version":[{"id":92,"href":"https:\/\/www.carolinadesign.ro\/blog\/wp-json\/wp\/v2\/pages\/5\/revisions\/92"}],"wp:attachment":[{"href":"https:\/\/www.carolinadesign.ro\/blog\/wp-json\/wp\/v2\/media?parent=5"}],"curies":[{"name":"wp","href":"https:\/\/api.w.org\/{rel}","templated":true}]}}